{"id":9398,"date":"2022-06-20T10:45:26","date_gmt":"2022-06-20T15:45:26","guid":{"rendered":"https:\/\/www.amco.net\/about-us\/"},"modified":"2025-10-24T20:04:22","modified_gmt":"2025-10-25T01:04:22","slug":"about-us","status":"publish","type":"page","link":"https:\/\/www.getamco.com\/es\/about-us\/","title":{"rendered":"Sobre nosotros"},"content":{"rendered":"<p>Amco Auto Insurance opera desde junio de 1987. Nuestra primera oficina abri\u00f3 en Houston, Texas.<\/p>\n<p>Nuestro equipo se compromete a brindar a nuestros clientes servicios de seguros de la m\u00e1s alta calidad, junto con las tarifas m\u00e1s bajas disponibles en su \u00e1rea. Nuestros excelentes agentes de seguros trabajar\u00e1n con usted personalmente para garantizar que obtenga una soluci\u00f3n adaptada a sus necesidades.<\/p>\n<p>Ya sea que busque un seguro de auto, hogar, motocicleta o negocio, nuestro equipo de agentes de seguros altamente experimentados puede ayudarle a encontrar la cobertura adecuada al precio m\u00e1s bajo, sin importar cu\u00e1les sean sus necesidades.<\/p>\n<p>Nuestro objetivo principal es forjar relaciones duraderas con cada uno de nuestros clientes para que podamos seguir brindando un servicio excelente durante muchos a\u00f1os.<\/p>\n<p>A diferencia de muchas de las grandes aseguradoras nacionales, toda su informaci\u00f3n se mantendr\u00e1 segura y privada.<\/p>\n<p>\u00a1Esperamos trabajar con usted!<\/p>\n","protected":false},"excerpt":{"rendered":"<p>Amco Auto Insurance opera desde junio de 1987. Nuestra primera oficina abri\u00f3 en Houston, Texas. Nuestro equipo se compromete a brindar a nuestros clientes servicios de seguros de la m\u00e1s alta calidad, junto con las tarifas m\u00e1s bajas disponibles en su \u00e1rea. Nuestros excelentes agentes de seguros trabajar\u00e1n con usted personalmente para garantizar que obtenga [&hellip;]<\/p>\n","protected":false},"author":35,"featured_media":0,"parent":0,"menu_order":0,"comment_status":"closed","ping_status":"closed","template":"","meta":{"_acf_changed":false,"_seopress_robots_primary_cat":"","_seopress_titles_title":"","_seopress_titles_desc":"","_seopress_robots_index":"","_analytify_skip_tracking":false,"footnotes":""},"class_list":["post-9398","page","type-page","status-publish","hentry"],"acf":[],"_links":{"self":[{"href":"https:\/\/www.getamco.com\/es\/wp-json\/wp\/v2\/pages\/9398","targetHints":{"allow":["GET"]}}],"collection":[{"href":"https:\/\/www.getamco.com\/es\/wp-json\/wp\/v2\/pages"}],"about":[{"href":"https:\/\/www.getamco.com\/es\/wp-json\/wp\/v2\/types\/page"}],"author":[{"embeddable":true,"href":"https:\/\/www.getamco.com\/es\/wp-json\/wp\/v2\/users\/35"}],"replies":[{"embeddable":true,"href":"https:\/\/www.getamco.com\/es\/wp-json\/wp\/v2\/comments?post=9398"}],"version-history":[{"count":0,"href":"https:\/\/www.getamco.com\/es\/wp-json\/wp\/v2\/pages\/9398\/revisions"}],"wp:attachment":[{"href":"https:\/\/www.getamco.com\/es\/wp-json\/wp\/v2\/media?parent=9398"}],"curies":[{"name":"wp","href":"https:\/\/api.w.org\/{rel}","templated":true}]}}